{"id":83,"date":"2019-11-13T10:24:02","date_gmt":"2019-11-13T10:24:02","guid":{"rendered":"https:\/\/www.oscartherobot.co.uk\/?page_id=83"},"modified":"2020-01-02T09:16:59","modified_gmt":"2020-01-02T09:16:59","slug":"events","status":"publish","type":"page","link":"https:\/\/www.oscartherobot.co.uk\/de\/events\/","title":{"rendered":"Veranstaltungen, Kampagnen und Markteinf\u00fchrungen"},"content":{"rendered":"<p>Suchen Sie etwas Einzigartiges, Anregendes und Visuelles, das Ihr Unternehmen auf Ihrer n\u00e4chsten Messe von der Konkurrenz abhebt?<\/p>\n<p>M\u00f6chten Sie die Besucherfrequenz und den Umsatz an Ihrem Stand steigern?<\/p>\n<p>Sch\u00fcchtern Sie Besucher nicht ein, indem Sie ihnen Tragetaschen und Brosch\u00fcren in die Hand dr\u00fccken, nur um sie dann in den n\u00e4chsten M\u00fclleimer zu werfen, an dem sie vorbeikommen. Locken Sie sie vielmehr auf Ihren Stand, indem Sie Oscar, den Werbe-Ausstellungsroboter, damit beauftragen, sie bei der Ankunft zu treffen und zu begr\u00fc\u00dfen Machen Sie Ihr Unternehmen noch lange nach Feierabend zum Gespr\u00e4chsthema bei Besuchern und Ihren Mitbewerbern.<\/p>\n<p>Viele unserer Kunden gewinnen Auszeichnungen f\u00fcr den besten Messestand, weil sie Oscar, den Werbe-Messeroboter, engagieren und kostenlose Presse-, Fernseh- und Radioberichterstattung generieren.<\/p>\n<h2>Kampagnen und Roadshows<\/h2>\n<p>Oscar wurde eingeladen, bei der Durchf\u00fchrung und F\u00f6rderung zahlreicher regionaler und nationaler Kampagnen mitzuhelfen, die sich h\u00e4ufig auf Gesundheit, Sicherheit und Sensibilisierung konzentrieren, beispielsweise die \u201eNo Messin\u201c-Initiative von Network Rails, die darauf abzielt, unbefugtes Betreten der Eisenbahnen zu reduzieren. Durch seine F\u00e4higkeit, sein Publikum jederzeit fesseln und fesseln zu k\u00f6nnen, ist er f\u00fcr solche Aufgaben bestens geeignet.<\/p>\n<p>Hat Ihre Organisation eine Botschaft zu \u00fcbermitteln? Dann k\u00f6nnte Oscar der perfekte Katalysator daf\u00fcr sein. Oscar kann Ihnen ein einzigartiges Tool auf dem Markt zur Verf\u00fcgung stellen, das Ihrem Unternehmen dabei helfen kann, seine Ziele zu erreichen. Auch dies l\u00e4sst sich anhand der zahlreichen Erfahrungsberichte belegen, die wir sowohl von \u00f6ffentlichen als auch von privaten Organisationen erhalten, die Oscar genau daf\u00fcr nutzen.<\/p>\n<h2>Einzelhandel und Produkteinf\u00fchrungen<\/h2>\n<p>Suchen Sie nach etwas, das Ihrer Produkteinf\u00fchrung das gewisse Etwas verleiht? Dann k\u00f6nnte Oscar Ihre \u201eTraum\u201c-Maschine sein\u2026. Gibt es einen besseren Weg, Ihre G\u00e4ste willkommen zu hei\u00dfen?<\/p>\n<p>M\u00f6chten Sie, dass die Neuer\u00f6ffnung Ihrer Filiale um einiges besser wird als die Ihrer Konkurrenz auf der anderen Stra\u00dfenseite? Dann lassen Sie Oscar die Menge vor Ihrem Gesch\u00e4ft begeistern.<\/p>\n<p>Ganz gleich, ob es sich um einen Relaunch nach einer Ladenumgestaltung oder um Werbeveranstaltungen im Laden handelt, Oscars Pr\u00e4senz kann das Gew\u00f6hnliche in etwas \u201eAu\u00dfergew\u00f6hnliches\u201c verwandeln.<\/p>\n<h2>Veranstaltungen und Partys<\/h2>\n<p>Machen Sie Ihre Party oder Ihren Empfang zu dem, von dem am n\u00e4chsten Tag alle reden. Lassen Sie Oscar Ihre G\u00e4ste bei ihrer Ankunft empfangen und begr\u00fc\u00dfen, w\u00e4hrend er ihnen Erfrischungen reicht. Gibt es einen besseren Weg, diesen besonderen Anlass zu einem fulminanten Start zu machen?<\/p>\n<p>Oscar kann den Firmengrill zum Lachen bringen oder die Weihnachtsfeier wieder in Schwung bringen.<\/p>","protected":false},"excerpt":{"rendered":"<p>Suchen Sie etwas Einzigartiges, Anregendes und Visuelles, das Ihr Unternehmen auf Ihrer n\u00e4chsten Messe von der Konkurrenz abhebt? M\u00f6chten Sie die Besucherfrequenz und den Umsatz an Ihrem Stand steigern? Sch\u00fcchtern Sie Besucher nicht ein<\/p>","protected":false},"author":1,"featured_media":0,"parent":0,"menu_order":0,"comment_status":"closed","ping_status":"closed","template":"","meta":{"footnotes":""},"acf":[],"_links":{"self":[{"href":"https:\/\/www.oscartherobot.co.uk\/de\/wp-json\/wp\/v2\/pages\/83"}],"collection":[{"href":"https:\/\/www.oscartherobot.co.uk\/de\/wp-json\/wp\/v2\/pages"}],"about":[{"href":"https:\/\/www.oscartherobot.co.uk\/de\/wp-json\/wp\/v2\/types\/page"}],"author":[{"embeddable":true,"href":"https:\/\/www.oscartherobot.co.uk\/de\/wp-json\/wp\/v2\/users\/1"}],"replies":[{"embeddable":true,"href":"https:\/\/www.oscartherobot.co.uk\/de\/wp-json\/wp\/v2\/comments?post=83"}],"version-history":[{"count":20,"href":"https:\/\/www.oscartherobot.co.uk\/de\/wp-json\/wp\/v2\/pages\/83\/revisions"}],"predecessor-version":[{"id":272,"href":"https:\/\/www.oscartherobot.co.uk\/de\/wp-json\/wp\/v2\/pages\/83\/revisions\/272"}],"wp:attachment":[{"href":"https:\/\/www.oscartherobot.co.uk\/de\/wp-json\/wp\/v2\/media?parent=83"}],"curies":[{"name":"wp","href":"https:\/\/api.w.org\/{rel}","templated":true}]}}