{"id":160,"date":"2019-11-29T11:49:53","date_gmt":"2019-11-29T11:49:53","guid":{"rendered":"https:\/\/www.oscartherobot.co.uk\/?page_id=160"},"modified":"2020-07-06T11:08:30","modified_gmt":"2020-07-06T10:08:30","slug":"about","status":"publish","type":"page","link":"https:\/\/www.oscartherobot.co.uk\/de\/about\/","title":{"rendered":"Um"},"content":{"rendered":"<p>Oscar, der Werbe-Messeroboter, wurde speziell f\u00fcr die Ausstellungs- und Konferenzbranche entwickelt und gebaut. Als solcher verf\u00fcgt er \u00fcber besondere und einzigartige Eigenschaften, die es Ihnen erm\u00f6glichen, die Ertr\u00e4ge aus diesen Veranstaltungen zu maximieren.<\/p>\n<p>Oscar ist ein gro\u00dfartiger Eisbrecher und kann sofort wechselseitige Gespr\u00e4che mit Fremden beginnen, egal ob jung oder alt. Sobald er engagiert und unterhalten ist, kann er sie dann Ihrem Ausstellungspersonal vorstellen, wodurch der \u00fcbliche Prozess der \u201ekalten Vorstellung\u201c f\u00fcr beide Seiten viel einfacher und angenehmer wird.<\/p>\n<p>Wir stellen oft fest, dass G\u00e4ste \u201eSelfies\u201c und mit Oscar aufgenommene Fotos w\u00fcnschen, um sie nach der Veranstaltung mit Freunden, Familie und Kollegen zu teilen. Dies bietet Ihren Mitarbeitern die ideale Gelegenheit, direkt mit dem Gast in Kontakt zu treten, indem sie diese Fotos auf dem Ger\u00e4t des Gastes aufnehmen.<\/p>\n<p>Der einzige Zweck des Werbe-Messeroboters Oscar besteht darin, Besucher zu generieren und die Aufmerksamkeit auf Ihren Stand, Ihre Produkte, Ihre Dienstleistungen oder Ihre Botschaften zu lenken.<\/p>\n<p>Um diese Ziele zu erreichen und zu maximieren, wird Oscar, der Werbeausstellungsroboter, Delegierte und Teilnehmer mit Live-Gespr\u00e4chen einbeziehen und dabei besondere Alleinstellungsmerkmale und Botschaften hervorheben.<\/p>\n<p>Er kann von seinem Tablett aus Werbematerial verteilen, \u201eStandwettbewerbe\u201c veranstalten und Visitenkarten\/Kontaktdaten sammeln. Diese nutzten dann die Nachbereitung der Veranstaltung zur Generierung von Leads und Verk\u00e4ufen.<\/p>\n<p>Eine weitere Funktion, die Sie nutzen k\u00f6nnen, ist Oscars iPad, das so programmiert werden kann, dass Ihre PowerPoint-Pr\u00e4sentationen oder Filmdateien bis zu sechs Stunden pro Tag ausgef\u00fchrt werden.<\/p>\n<p>Um die \u201evisuelle\u201c Wirkung, die er bei Veranstaltungen hat, zu maximieren und die Botschaft weiter zu verst\u00e4rken, kann Oscar mit Ihrer Corporate Identity, Ihrem Namen, Ihrem Logo und Social-Media-Links gebrandet werden.<\/p>\n<p class=\"xmsonormal\">Werberoboter k\u00f6nnen gemietet und auf Ausstellungen, Messen, Konferenzen und Firmenveranstaltungen sowie f\u00fcr Kampagnen und Produkteinf\u00fchrungen weltweit eingesetzt werden. Oscar wird Ihre Marke vorantreiben und bei jedem bekannt machen, den er trifft.<\/p>\n<p>&nbsp;<\/p>","protected":false},"excerpt":{"rendered":"<p>Oscar, der Werbe-Messeroboter, wurde speziell f\u00fcr die Ausstellungs- und Konferenzbranche entwickelt und gebaut. Als solcher verf\u00fcgt er \u00fcber besondere und einzigartige Eigenschaften, die es Ihnen erm\u00f6glichen, die Ertr\u00e4ge aus diesen Veranstaltungen zu maximieren. Oscar ist ein tolles Eis<\/p>","protected":false},"author":1,"featured_media":0,"parent":0,"menu_order":0,"comment_status":"closed","ping_status":"closed","template":"","meta":{"footnotes":""},"acf":[],"_links":{"self":[{"href":"https:\/\/www.oscartherobot.co.uk\/de\/wp-json\/wp\/v2\/pages\/160"}],"collection":[{"href":"https:\/\/www.oscartherobot.co.uk\/de\/wp-json\/wp\/v2\/pages"}],"about":[{"href":"https:\/\/www.oscartherobot.co.uk\/de\/wp-json\/wp\/v2\/types\/page"}],"author":[{"embeddable":true,"href":"https:\/\/www.oscartherobot.co.uk\/de\/wp-json\/wp\/v2\/users\/1"}],"replies":[{"embeddable":true,"href":"https:\/\/www.oscartherobot.co.uk\/de\/wp-json\/wp\/v2\/comments?post=160"}],"version-history":[{"count":6,"href":"https:\/\/www.oscartherobot.co.uk\/de\/wp-json\/wp\/v2\/pages\/160\/revisions"}],"predecessor-version":[{"id":684,"href":"https:\/\/www.oscartherobot.co.uk\/de\/wp-json\/wp\/v2\/pages\/160\/revisions\/684"}],"wp:attachment":[{"href":"https:\/\/www.oscartherobot.co.uk\/de\/wp-json\/wp\/v2\/media?parent=160"}],"curies":[{"name":"wp","href":"https:\/\/api.w.org\/{rel}","templated":true}]}}